{"id":6457,"date":"2022-10-01T10:55:51","date_gmt":"2022-10-01T06:55:51","guid":{"rendered":"https:\/\/alyassiadvocates.com\/?page_id=6457"},"modified":"2025-09-26T12:38:47","modified_gmt":"2025-09-26T08:38:47","slug":"handelsmerk-en-intellectueel-eigendom","status":"publish","type":"page","link":"https:\/\/alyassiadvocates.com\/nl\/handelsmerk-en-intellectueel-eigendom\/","title":{"rendered":"Handelsmerk en intellectueel eigendom"},"content":{"rendered":"<p>[vc_row css=&#8221;.vc_custom_1690797175490{padding-top: 80px !important;padding-bottom: 80px !important;}&#8221;][vc_column width=&#8221;1\/4&#8243;][vc_wp_custommenu nav_menu=&#8221;91&#8243;][\/vc_column][vc_column width=&#8221;3\/4&#8243;][ct_heading text=&#8221;Handelsmerk en intellectueel eigendom&#8221; font_size_sm=&#8221;24&#8243; font_size_xs=&#8221;24&#8243; font_weight=&#8221;&#8221; show_gap=&#8221;show&#8221; description_font_weight=&#8221;inherit&#8221; margin_bottom=&#8221;0&#8243;][vc_empty_space height=&#8221;20&#8243;][vc_column_text]Wij adviseren cli\u00ebnten over de juridische, wettelijke en commerci\u00eble aspecten van intellectueel eigendom. We helpen onze cli\u00ebnten effectief hun commerci\u00eble doelen te bereiken door hen te adviseren over intellectueel eigendom en merkbehoud, beschermingsmaatregelen en praktische oplossingen.<br \/>\nOnze advocaten adviseren cli\u00ebnten uitgebreid over de toepassing van intellectuele eigendomsrechten op de ontwikkeling, het gebruik, de distributie, licentieverlening en commercialisering van producten en diensten. We adviseren over, en stellen alle intellectuele eigendomsovereenkomsten, licenties en akten voor cli\u00ebnten op en onderhandelen erover.<br \/>\nOnze juristen zorgen ervoor dat alle overeenkomsten, licenties en akten duidelijk de intellectuele eigendomsrechten en alle te betalen licentiekosten of royalty&#8217;s beschrijven, dat ze voldoen aan alle toepasselijke wetten en dat de juridische en commerci\u00eble risico&#8217;s en kosten voor cli\u00ebnten tot een minimum worden beperkt.[\/vc_column_text][vc_empty_space height=&#8221;40px&#8221;][vc_row_inner][vc_column_inner width=&#8221;1\/3&#8243;][ct_heading text=&#8221;Neem contact met ons op&#8221; font_size_sm=&#8221;24&#8243; font_size_xs=&#8221;24&#8243; font_weight=&#8221;&#8221; description_font_weight=&#8221;inherit&#8221; margin_bottom=&#8221;0&#8243;][\/vc_column_inner][vc_column_inner width=&#8221;1\/3&#8243;][ct_contact_info style=&#8221;style2&#8243; content_info=&#8221;Arcade Building, M-verdieping, kantoor nr. M06, Al Garhoud, Dubai, VAE<br \/>\n&#8220;][\/vc_column_inner][vc_column_inner width=&#8221;1\/3&#8243;][ct_contact_info style=&#8221;style2&#8243; content_type=&#8221;tel&#8221; content_info=&#8221;+971 4 3852835&#8243;][ct_contact_info style=&#8221;style2&#8243; content_type=&#8221;email&#8221; content_info=&#8221;info@alyassiadvocates.com&#8221;][\/vc_column_inner][\/vc_row_inner][vc_empty_space height=&#8221;20px&#8221;][ct_contact_form id=&#8221;754&#8243; styles=&#8221;style5&#8243;][\/vc_column][\/vc_row]<\/p>\n","protected":false},"excerpt":{"rendered":"<p>[vc_row css=&#8221;.vc_custom_1690797175490{padding-top: 80px !important;padding-bottom: 80px !important;}&#8221;][vc_column width=&#8221;1\/4&#8243;][vc_wp_custommenu nav_menu=&#8221;91&#8243;][\/vc_column][vc_column width=&#8221;3\/4&#8243;][ct_heading text=&#8221;Handelsmerk en intellectueel eigendom&#8221; font_size_sm=&#8221;24&#8243; font_size_xs=&#8221;24&#8243; font_weight=&#8221;&#8221; show_gap=&#8221;show&#8221; description_font_weight=&#8221;inherit&#8221; margin_bottom=&#8221;0&#8243;][vc_empty_space height=&#8221;20&#8243;][vc_column_text]Wij adviseren cli\u00ebnten over de juridische, wettelijke en commerci\u00eble aspecten van intellectueel eigendom. We helpen onze cli\u00ebnten effectief hun commerci\u00eble doelen te bereiken door hen te adviseren over intellectueel eigendom en merkbehoud, beschermingsmaatregelen en praktische oplossingen. [&hellip;]<\/p>\n","protected":false},"author":1,"featured_media":0,"parent":0,"menu_order":0,"comment_status":"closed","ping_status":"closed","template":"","meta":{"footnotes":""},"class_list":["post-6457","page","type-page","status-publish","hentry"],"_links":{"self":[{"href":"https:\/\/alyassiadvocates.com\/nl\/wp-json\/wp\/v2\/pages\/6457","targetHints":{"allow":["GET"]}}],"collection":[{"href":"https:\/\/alyassiadvocates.com\/nl\/wp-json\/wp\/v2\/pages"}],"about":[{"href":"https:\/\/alyassiadvocates.com\/nl\/wp-json\/wp\/v2\/types\/page"}],"author":[{"embeddable":true,"href":"https:\/\/alyassiadvocates.com\/nl\/wp-json\/wp\/v2\/users\/1"}],"replies":[{"embeddable":true,"href":"https:\/\/alyassiadvocates.com\/nl\/wp-json\/wp\/v2\/comments?post=6457"}],"version-history":[{"count":10,"href":"https:\/\/alyassiadvocates.com\/nl\/wp-json\/wp\/v2\/pages\/6457\/revisions"}],"predecessor-version":[{"id":6948,"href":"https:\/\/alyassiadvocates.com\/nl\/wp-json\/wp\/v2\/pages\/6457\/revisions\/6948"}],"wp:attachment":[{"href":"https:\/\/alyassiadvocates.com\/nl\/wp-json\/wp\/v2\/media?parent=6457"}],"curies":[{"name":"wp","href":"https:\/\/api.w.org\/{rel}","templated":true}]}}