{"id":5290,"date":"2022-09-28T14:41:32","date_gmt":"2022-09-28T10:41:32","guid":{"rendered":"https:\/\/alyassiadvocates.com\/?page_id=5290"},"modified":"2023-08-18T11:43:32","modified_gmt":"2023-08-18T11:43:32","slug":"nos-services-financiers-et-nos-consultations","status":"publish","type":"page","link":"https:\/\/alyassiadvocates.com\/fr\/nos-services-financiers-et-nos-consultations\/","title":{"rendered":"Nos services financiers et nos consultations"},"content":{"rendered":"<p>[vc_row css=&#8221;.vc_custom_1690793353703{padding-top: 80px !important;padding-bottom: 80px !important;}&#8221;][vc_column][vc_row_inner][vc_column_inner width=&#8221;1\/2&#8243;][ct_fancybox icon_fontawesome=&#8221;fas fa-pencil-ruler&#8221; btn_link=&#8221;url:https%3A%2F%2Falyassiadvocates.com%2Ffr%2Fconception-etude-et-mise-en-oeuvre-de-mega-projets%2F&#8221; title=&#8221;Conception, \u00e9tude et mise en \u0153uvre de m\u00e9ga projets&#8221;][\/vc_column_inner][vc_column_inner width=&#8221;1\/2&#8243; ct_column_inner_class=&#8221;rm-padding-lg&#8221; css=&#8221;.vc_custom_1551779742241{padding-top: 0px !important;padding-right: 45px !important;padding-bottom: 63px !important;padding-left: 45px !important;}&#8221;][ct_fancybox icon_fontawesome=&#8221;fas fa-chart-pie&#8221; btn_link=&#8221;url:https%3A%2F%2Falyassiadvocates.com%2Ffr%2Fanalyse-financiere-et-audit%2F&#8221; title=&#8221;Analyse financi\u00e8re et audit&#8221;][\/vc_column_inner][\/vc_row_inner][\/vc_column][\/vc_row]<\/p>\n","protected":false},"excerpt":{"rendered":"<p>[vc_row css=&#8221;.vc_custom_1690793353703{padding-top: 80px !important;padding-bottom: 80px !important;}&#8221;][vc_column][vc_row_inner][vc_column_inner width=&#8221;1\/2&#8243;][ct_fancybox icon_fontawesome=&#8221;fas fa-pencil-ruler&#8221; btn_link=&#8221;url:https%3A%2F%2Falyassiadvocates.com%2Ffr%2Fconception-etude-et-mise-en-oeuvre-de-mega-projets%2F&#8221; title=&#8221;Conception, \u00e9tude et mise en \u0153uvre de m\u00e9ga projets&#8221;][\/vc_column_inner][vc_column_inner width=&#8221;1\/2&#8243; ct_column_inner_class=&#8221;rm-padding-lg&#8221; css=&#8221;.vc_custom_1551779742241{padding-top: 0px !important;padding-right: 45px !important;padding-bottom: 63px !important;padding-left: 45px !important;}&#8221;][ct_fancybox icon_fontawesome=&#8221;fas fa-chart-pie&#8221; btn_link=&#8221;url:https%3A%2F%2Falyassiadvocates.com%2Ffr%2Fanalyse-financiere-et-audit%2F&#8221; title=&#8221;Analyse financi\u00e8re et audit&#8221;][\/vc_column_inner][\/vc_row_inner][\/vc_column][\/vc_row]<\/p>\n","protected":false},"author":2,"featured_media":0,"parent":0,"menu_order":0,"comment_status":"closed","ping_status":"closed","template":"","meta":{"footnotes":""},"class_list":["post-5290","page","type-page","status-publish","hentry"],"_links":{"self":[{"href":"https:\/\/alyassiadvocates.com\/fr\/wp-json\/wp\/v2\/pages\/5290","targetHints":{"allow":["GET"]}}],"collection":[{"href":"https:\/\/alyassiadvocates.com\/fr\/wp-json\/wp\/v2\/pages"}],"about":[{"href":"https:\/\/alyassiadvocates.com\/fr\/wp-json\/wp\/v2\/types\/page"}],"author":[{"embeddable":true,"href":"https:\/\/alyassiadvocates.com\/fr\/wp-json\/wp\/v2\/users\/2"}],"replies":[{"embeddable":true,"href":"https:\/\/alyassiadvocates.com\/fr\/wp-json\/wp\/v2\/comments?post=5290"}],"version-history":[{"count":1,"href":"https:\/\/alyassiadvocates.com\/fr\/wp-json\/wp\/v2\/pages\/5290\/revisions"}],"predecessor-version":[{"id":5291,"href":"https:\/\/alyassiadvocates.com\/fr\/wp-json\/wp\/v2\/pages\/5290\/revisions\/5291"}],"wp:attachment":[{"href":"https:\/\/alyassiadvocates.com\/fr\/wp-json\/wp\/v2\/media?parent=5290"}],"curies":[{"name":"wp","href":"https:\/\/api.w.org\/{rel}","templated":true}]}}