{"id":5221,"date":"2022-10-01T10:55:51","date_gmt":"2022-10-01T06:55:51","guid":{"rendered":"https:\/\/alyassiadvocates.com\/?page_id=5221"},"modified":"2025-09-26T12:18:37","modified_gmt":"2025-09-26T08:18:37","slug":"marque-de-commerce-et-propriete-intellectuelle","status":"publish","type":"page","link":"https:\/\/alyassiadvocates.com\/fr\/marque-de-commerce-et-propriete-intellectuelle\/","title":{"rendered":"Marque de commerce et propri\u00e9t\u00e9 intellectuelle"},"content":{"rendered":"<p>[vc_row css=&#8221;.vc_custom_1690797175490{padding-top: 80px !important;padding-bottom: 80px !important;}&#8221;][vc_column width=&#8221;1\/4&#8243;][vc_wp_custommenu nav_menu=&#8221;91&#8243;][\/vc_column][vc_column width=&#8221;3\/4&#8243;][ct_heading text=&#8221;Marque de commerce et propri\u00e9t\u00e9 intellectuelle&#8221; font_size_sm=&#8221;24&#8243; font_size_xs=&#8221;24&#8243; font_weight=&#8221;&#8221; show_gap=&#8221;show&#8221; description_font_weight=&#8221;inherit&#8221; margin_bottom=&#8221;0&#8243;][vc_empty_space height=&#8221;20&#8243;][vc_column_text]Nous conseillons nos clients sur les aspects juridiques, r\u00e9glementaires et commerciaux de la propri\u00e9t\u00e9 intellectuelle. Nous aidons efficacement nos clients \u00e0 atteindre leurs objectifs commerciaux, en les conseillant sur la propri\u00e9t\u00e9 intellectuelle et la pr\u00e9servation de la marque, les mesures de protection et en sugg\u00e9rant des solutions pratiques.<\/p>\n<p>Nos avocats conseillent leurs clients de mani\u00e8re exhaustive sur l\u2019application des droits de propri\u00e9t\u00e9 intellectuelle au d\u00e9veloppement, \u00e0 l\u2019utilisation, \u00e0 la distribution, \u00e0 l\u2019octroi de licences et \u00e0 la commercialisation de produits et services. Nous conseillons, r\u00e9digeons et n\u00e9gocions tous les accords, licences et actes de propri\u00e9t\u00e9 intellectuelle pour les clients.<\/p>\n<p>Nos avocats s\u2019assurent que tous les accords, licences et actes d\u00e9crivent clairement les droits de propri\u00e9t\u00e9 intellectuelle et tous les droits ou redevances du titulaire de licence, respectent toutes les lois applicables et minimisent les risques et les co\u00fbts juridiques et commerciaux des clients.[\/vc_column_text][vc_empty_space height=&#8221;40px&#8221;][vc_row_inner][vc_column_inner width=&#8221;1\/3&#8243;][ct_heading text=&#8221;CONTACTEZ-NOUS&#8221; font_size_sm=&#8221;24&#8243; font_size_xs=&#8221;24&#8243; font_weight=&#8221;&#8221; description_font_weight=&#8221;inherit&#8221; margin_bottom=&#8221;0&#8243;][\/vc_column_inner][vc_column_inner width=&#8221;1\/3&#8243;][ct_contact_info style=&#8221;style2&#8243; content_info=&#8221;Arcade Building, \u00e9tage M, bureau n\u00b0 M06, Al Garhoud, Duba\u00ef, \u00c9mirats arabes unis<br \/>\n&#8220;][\/vc_column_inner][vc_column_inner width=&#8221;1\/3&#8243;][ct_contact_info style=&#8221;style2&#8243; content_type=&#8221;tel&#8221; content_info=&#8221;+971 4 3852835&#8243;][ct_contact_info style=&#8221;style2&#8243; content_type=&#8221;email&#8221; content_info=&#8221;info@alyassiadvocates.com&#8221;][\/vc_column_inner][\/vc_row_inner][vc_empty_space height=&#8221;20px&#8221;][ct_contact_form id=&#8221;754&#8243; styles=&#8221;style5&#8243;][\/vc_column][\/vc_row]<\/p>\n","protected":false},"excerpt":{"rendered":"<p>[vc_row css=&#8221;.vc_custom_1690797175490{padding-top: 80px !important;padding-bottom: 80px !important;}&#8221;][vc_column width=&#8221;1\/4&#8243;][vc_wp_custommenu nav_menu=&#8221;91&#8243;][\/vc_column][vc_column width=&#8221;3\/4&#8243;][ct_heading text=&#8221;Marque de commerce et propri\u00e9t\u00e9 intellectuelle&#8221; font_size_sm=&#8221;24&#8243; font_size_xs=&#8221;24&#8243; font_weight=&#8221;&#8221; show_gap=&#8221;show&#8221; description_font_weight=&#8221;inherit&#8221; margin_bottom=&#8221;0&#8243;][vc_empty_space height=&#8221;20&#8243;][vc_column_text]Nous conseillons nos clients sur les aspects juridiques, r\u00e9glementaires et commerciaux de la propri\u00e9t\u00e9 intellectuelle. Nous aidons efficacement nos clients \u00e0 atteindre leurs objectifs commerciaux, en les conseillant sur la propri\u00e9t\u00e9 intellectuelle et la [&hellip;]<\/p>\n","protected":false},"author":2,"featured_media":0,"parent":0,"menu_order":0,"comment_status":"closed","ping_status":"closed","template":"","meta":{"footnotes":""},"class_list":["post-5221","page","type-page","status-publish","hentry"],"_links":{"self":[{"href":"https:\/\/alyassiadvocates.com\/fr\/wp-json\/wp\/v2\/pages\/5221","targetHints":{"allow":["GET"]}}],"collection":[{"href":"https:\/\/alyassiadvocates.com\/fr\/wp-json\/wp\/v2\/pages"}],"about":[{"href":"https:\/\/alyassiadvocates.com\/fr\/wp-json\/wp\/v2\/types\/page"}],"author":[{"embeddable":true,"href":"https:\/\/alyassiadvocates.com\/fr\/wp-json\/wp\/v2\/users\/2"}],"replies":[{"embeddable":true,"href":"https:\/\/alyassiadvocates.com\/fr\/wp-json\/wp\/v2\/comments?post=5221"}],"version-history":[{"count":2,"href":"https:\/\/alyassiadvocates.com\/fr\/wp-json\/wp\/v2\/pages\/5221\/revisions"}],"predecessor-version":[{"id":6878,"href":"https:\/\/alyassiadvocates.com\/fr\/wp-json\/wp\/v2\/pages\/5221\/revisions\/6878"}],"wp:attachment":[{"href":"https:\/\/alyassiadvocates.com\/fr\/wp-json\/wp\/v2\/media?parent=5221"}],"curies":[{"name":"wp","href":"https:\/\/api.w.org\/{rel}","templated":true}]}}