{"id":5200,"date":"2022-10-01T10:53:17","date_gmt":"2022-10-01T06:53:17","guid":{"rendered":"https:\/\/alyassiadvocates.com\/?page_id=5200"},"modified":"2025-09-26T12:19:00","modified_gmt":"2025-09-26T08:19:00","slug":"droit-immobilier","status":"publish","type":"page","link":"https:\/\/alyassiadvocates.com\/fr\/droit-immobilier\/","title":{"rendered":"Droit immobilier"},"content":{"rendered":"<p>[vc_row css=&#8221;.vc_custom_1690797175490{padding-top: 80px !important;padding-bottom: 80px !important;}&#8221;][vc_column width=&#8221;1\/4&#8243;][vc_wp_custommenu nav_menu=&#8221;91&#8243;][\/vc_column][vc_column width=&#8221;3\/4&#8243;][ct_heading text=&#8221;Droit immobilier&#8221; font_size_sm=&#8221;24&#8243; font_size_xs=&#8221;24&#8243; font_weight=&#8221;&#8221; show_gap=&#8221;show&#8221; description_font_weight=&#8221;inherit&#8221; margin_bottom=&#8221;0&#8243;][vc_empty_space height=&#8221;20&#8243;][vc_column_text]Notre \u00e9quipe d\u2019avocats est bien qualifi\u00e9e et capable de fournir des solutions juridiques d\u2019expertise sur mesure en mati\u00e8re immobili\u00e8re. Les avocats sont bien vers\u00e9s dans la prestation de services juridiques en mati\u00e8re de :<\/p>\n<ul>\n<li>Vente\/Achat de biens immobiliers, n\u00e9gociation, validation et finalisation du contrat.<\/li>\n<li>Diligence raisonnable, r\u00e9daction, examen et documentation<\/li>\n<li>Litiges entre locataires et propri\u00e9taires<\/li>\n<li>Conflits entre entrepreneurs, promoteurs et investisseurs<\/li>\n<li>Louer<\/li>\n<li>Accueil\/Pr\u00eats Projet<\/li>\n<li>Assurance<\/li>\n<\/ul>\n<p>[\/vc_column_text][vc_empty_space height=&#8221;40px&#8221;][vc_row_inner][vc_column_inner width=&#8221;1\/3&#8243;][ct_heading text=&#8221;CONTACTEZ-NOUS&#8221; font_size_sm=&#8221;24&#8243; font_size_xs=&#8221;24&#8243; font_weight=&#8221;&#8221; description_font_weight=&#8221;inherit&#8221; margin_bottom=&#8221;0&#8243;][\/vc_column_inner][vc_column_inner width=&#8221;1\/3&#8243;][ct_contact_info style=&#8221;style2&#8243; content_info=&#8221;Arcade Building, \u00e9tage M, bureau n\u00b0 M06, Al Garhoud, Duba\u00ef, \u00c9mirats arabes unis<br \/>\n&#8220;][\/vc_column_inner][vc_column_inner width=&#8221;1\/3&#8243;][ct_contact_info style=&#8221;style2&#8243; content_type=&#8221;tel&#8221; content_info=&#8221;+971 4 3852835&#8243;][ct_contact_info style=&#8221;style2&#8243; content_type=&#8221;email&#8221; content_info=&#8221;info@alyassiadvocates.com&#8221;][\/vc_column_inner][\/vc_row_inner][vc_empty_space height=&#8221;20px&#8221;][ct_contact_form id=&#8221;754&#8243; styles=&#8221;style5&#8243;][\/vc_column][\/vc_row]<\/p>\n","protected":false},"excerpt":{"rendered":"<p>[vc_row css=&#8221;.vc_custom_1690797175490{padding-top: 80px !important;padding-bottom: 80px !important;}&#8221;][vc_column width=&#8221;1\/4&#8243;][vc_wp_custommenu nav_menu=&#8221;91&#8243;][\/vc_column][vc_column width=&#8221;3\/4&#8243;][ct_heading text=&#8221;Droit immobilier&#8221; font_size_sm=&#8221;24&#8243; font_size_xs=&#8221;24&#8243; font_weight=&#8221;&#8221; show_gap=&#8221;show&#8221; description_font_weight=&#8221;inherit&#8221; margin_bottom=&#8221;0&#8243;][vc_empty_space height=&#8221;20&#8243;][vc_column_text]Notre \u00e9quipe d\u2019avocats est bien qualifi\u00e9e et capable de fournir des solutions juridiques d\u2019expertise sur mesure en mati\u00e8re immobili\u00e8re. Les avocats sont bien vers\u00e9s dans la prestation de services juridiques en mati\u00e8re de : Vente\/Achat de biens immobiliers, [&hellip;]<\/p>\n","protected":false},"author":2,"featured_media":0,"parent":0,"menu_order":0,"comment_status":"closed","ping_status":"closed","template":"","meta":{"footnotes":""},"class_list":["post-5200","page","type-page","status-publish","hentry"],"_links":{"self":[{"href":"https:\/\/alyassiadvocates.com\/fr\/wp-json\/wp\/v2\/pages\/5200","targetHints":{"allow":["GET"]}}],"collection":[{"href":"https:\/\/alyassiadvocates.com\/fr\/wp-json\/wp\/v2\/pages"}],"about":[{"href":"https:\/\/alyassiadvocates.com\/fr\/wp-json\/wp\/v2\/types\/page"}],"author":[{"embeddable":true,"href":"https:\/\/alyassiadvocates.com\/fr\/wp-json\/wp\/v2\/users\/2"}],"replies":[{"embeddable":true,"href":"https:\/\/alyassiadvocates.com\/fr\/wp-json\/wp\/v2\/comments?post=5200"}],"version-history":[{"count":2,"href":"https:\/\/alyassiadvocates.com\/fr\/wp-json\/wp\/v2\/pages\/5200\/revisions"}],"predecessor-version":[{"id":6880,"href":"https:\/\/alyassiadvocates.com\/fr\/wp-json\/wp\/v2\/pages\/5200\/revisions\/6880"}],"wp:attachment":[{"href":"https:\/\/alyassiadvocates.com\/fr\/wp-json\/wp\/v2\/media?parent=5200"}],"curies":[{"name":"wp","href":"https:\/\/api.w.org\/{rel}","templated":true}]}}