{"id":5178,"date":"2022-10-01T10:48:19","date_gmt":"2022-10-01T06:48:19","guid":{"rendered":"https:\/\/alyassiadvocates.com\/?page_id=5178"},"modified":"2025-09-26T12:19:37","modified_gmt":"2025-09-26T08:19:37","slug":"petrole-et-gaz","status":"publish","type":"page","link":"https:\/\/alyassiadvocates.com\/fr\/petrole-et-gaz\/","title":{"rendered":"P\u00e9trole et gaz"},"content":{"rendered":"<p>[vc_row css=&#8221;.vc_custom_1690797175490{padding-top: 80px !important;padding-bottom: 80px !important;}&#8221;][vc_column width=&#8221;1\/4&#8243;][vc_wp_custommenu nav_menu=&#8221;91&#8243;][\/vc_column][vc_column width=&#8221;3\/4&#8243;][ct_heading text=&#8221;P\u00e9trole et gaz&#8221; font_size_sm=&#8221;24&#8243; font_size_xs=&#8221;24&#8243; font_weight=&#8221;&#8221; show_gap=&#8221;show&#8221; description_font_weight=&#8221;inherit&#8221; margin_bottom=&#8221;0&#8243;][vc_empty_space height=&#8221;20&#8243;][vc_column_text]Nos avocats sont bien \u00e9quip\u00e9s avec les services de consultation et de conseil dans le domaine des contrats li\u00e9s au transport et \u00e0 la commercialisation du p\u00e9trole et du gaz produits. Nous apportons des solutions juridiques sur divers contrats li\u00e9s au p\u00e9trole et au gaz, accords de coentreprise, probl\u00e8mes de conformit\u00e9 r\u00e9glementaire et projets \u00e9nerg\u00e9tiques. Nous proposons des services de n\u00e9gociation, d\u2019arbitrage, de r\u00e9solution de litiges, de r\u00e9daction d\u2019accords li\u00e9s \u00e0 l\u2019\u00e9nergie et de v\u00e9rification diligente pour les acquisitions de soci\u00e9t\u00e9s p\u00e9troli\u00e8res et gazi\u00e8res.[\/vc_column_text][vc_empty_space height=&#8221;40px&#8221;][vc_row_inner][vc_column_inner width=&#8221;1\/3&#8243;][ct_heading text=&#8221;CONTACTEZ-NOUS&#8221; font_size_sm=&#8221;24&#8243; font_size_xs=&#8221;24&#8243; font_weight=&#8221;&#8221; description_font_weight=&#8221;inherit&#8221; margin_bottom=&#8221;0&#8243;][\/vc_column_inner][vc_column_inner width=&#8221;1\/3&#8243;][ct_contact_info style=&#8221;style2&#8243; content_info=&#8221;Arcade Building, \u00e9tage M, bureau n\u00b0 M06, Al Garhoud, Duba\u00ef, \u00c9mirats arabes unis<br \/>\n&#8220;][\/vc_column_inner][vc_column_inner width=&#8221;1\/3&#8243;][ct_contact_info style=&#8221;style2&#8243; content_type=&#8221;tel&#8221; content_info=&#8221;+971 4 3852835&#8243;][ct_contact_info style=&#8221;style2&#8243; content_type=&#8221;email&#8221; content_info=&#8221;info@alyassiadvocates.com&#8221;][\/vc_column_inner][\/vc_row_inner][vc_empty_space height=&#8221;20px&#8221;][ct_contact_form id=&#8221;754&#8243; styles=&#8221;style5&#8243;][\/vc_column][\/vc_row]<\/p>\n","protected":false},"excerpt":{"rendered":"<p>[vc_row css=&#8221;.vc_custom_1690797175490{padding-top: 80px !important;padding-bottom: 80px !important;}&#8221;][vc_column width=&#8221;1\/4&#8243;][vc_wp_custommenu nav_menu=&#8221;91&#8243;][\/vc_column][vc_column width=&#8221;3\/4&#8243;][ct_heading text=&#8221;P\u00e9trole et gaz&#8221; font_size_sm=&#8221;24&#8243; font_size_xs=&#8221;24&#8243; font_weight=&#8221;&#8221; show_gap=&#8221;show&#8221; description_font_weight=&#8221;inherit&#8221; margin_bottom=&#8221;0&#8243;][vc_empty_space height=&#8221;20&#8243;][vc_column_text]Nos avocats sont bien \u00e9quip\u00e9s avec les services de consultation et de conseil dans le domaine des contrats li\u00e9s au transport et \u00e0 la commercialisation du p\u00e9trole et du gaz produits. Nous apportons des solutions juridiques sur [&hellip;]<\/p>\n","protected":false},"author":2,"featured_media":0,"parent":0,"menu_order":0,"comment_status":"closed","ping_status":"closed","template":"","meta":{"footnotes":""},"class_list":["post-5178","page","type-page","status-publish","hentry"],"_links":{"self":[{"href":"https:\/\/alyassiadvocates.com\/fr\/wp-json\/wp\/v2\/pages\/5178","targetHints":{"allow":["GET"]}}],"collection":[{"href":"https:\/\/alyassiadvocates.com\/fr\/wp-json\/wp\/v2\/pages"}],"about":[{"href":"https:\/\/alyassiadvocates.com\/fr\/wp-json\/wp\/v2\/types\/page"}],"author":[{"embeddable":true,"href":"https:\/\/alyassiadvocates.com\/fr\/wp-json\/wp\/v2\/users\/2"}],"replies":[{"embeddable":true,"href":"https:\/\/alyassiadvocates.com\/fr\/wp-json\/wp\/v2\/comments?post=5178"}],"version-history":[{"count":2,"href":"https:\/\/alyassiadvocates.com\/fr\/wp-json\/wp\/v2\/pages\/5178\/revisions"}],"predecessor-version":[{"id":6884,"href":"https:\/\/alyassiadvocates.com\/fr\/wp-json\/wp\/v2\/pages\/5178\/revisions\/6884"}],"wp:attachment":[{"href":"https:\/\/alyassiadvocates.com\/fr\/wp-json\/wp\/v2\/media?parent=5178"}],"curies":[{"name":"wp","href":"https:\/\/api.w.org\/{rel}","templated":true}]}}