{"id":5166,"date":"2022-10-01T09:38:02","date_gmt":"2022-10-01T05:38:02","guid":{"rendered":"https:\/\/alyassiadvocates.com\/?page_id=5166"},"modified":"2025-09-26T12:20:13","modified_gmt":"2025-09-26T08:20:13","slug":"fusion-et-acquisition","status":"publish","type":"page","link":"https:\/\/alyassiadvocates.com\/fr\/fusion-et-acquisition\/","title":{"rendered":"Fusion et acquisition"},"content":{"rendered":"<p>[vc_row css=&#8221;.vc_custom_1690797255536{padding-top: 80px !important;padding-bottom: 80px !important;}&#8221;][vc_column width=&#8221;1\/4&#8243;][vc_wp_custommenu nav_menu=&#8221;91&#8243;][\/vc_column][vc_column width=&#8221;3\/4&#8243;][ct_heading text=&#8221;Fusion et acquisition&#8221; font_size_sm=&#8221;24&#8243; font_size_xs=&#8221;24&#8243; font_weight=&#8221;&#8221; show_gap=&#8221;show&#8221; description_font_weight=&#8221;inherit&#8221; margin_bottom=&#8221;0&#8243;][vc_empty_space height=&#8221;20&#8243;][vc_column_text]Nous nous concentrons sur les transactions nationales et mondiales visant \u00e0 consolider les activit\u00e9s de deux ou plusieurs soci\u00e9t\u00e9s ou conglom\u00e9rats, telles que les fusions, l\u2019achat d\u2019actifs, les offres publiques d\u2019achat et les prises de contr\u00f4le hostiles. En tant que cabinet d\u2019avocats, nous participons \u00e0 la diligence raisonnable, aux contrats connexes, \u00e0 la conclusion de la transaction et \u00e0 la documentation.<\/p>\n<p>Nos experts fournissent des services juridiques aux acheteurs, vendeurs, soci\u00e9t\u00e9s d\u2019exploitation publiques et priv\u00e9es, soci\u00e9t\u00e9s de capital-investissement et autres sponsors financiers, conseils d\u2019administration, comit\u00e9s sp\u00e9ciaux et groupes de management buy-out dans le cadre de transactions locales et internationales. Nos avocats en fusions et acquisitions proposent des solutions tout au long du cycle de vie de la transaction, de l\u2019initiation \u00e0 la cl\u00f4ture de la transaction.[\/vc_column_text][vc_empty_space height=&#8221;40px&#8221;][vc_row_inner][vc_column_inner width=&#8221;1\/3&#8243;][ct_heading text=&#8221;CONTACTEZ-NOUS&#8221; font_size_sm=&#8221;24&#8243; font_size_xs=&#8221;24&#8243; font_weight=&#8221;&#8221; description_font_weight=&#8221;inherit&#8221; margin_bottom=&#8221;0&#8243;][\/vc_column_inner][vc_column_inner width=&#8221;1\/3&#8243;][ct_contact_info style=&#8221;style2&#8243; content_info=&#8221;Arcade Building, \u00e9tage M, bureau n\u00b0 M06, Al Garhoud, Duba\u00ef, \u00c9mirats arabes unis<br \/>\n&#8220;][\/vc_column_inner][vc_column_inner width=&#8221;1\/3&#8243;][ct_contact_info style=&#8221;style2&#8243; content_type=&#8221;tel&#8221; content_info=&#8221;+971 4 3852835&#8243;][ct_contact_info style=&#8221;style2&#8243; content_type=&#8221;email&#8221; content_info=&#8221;info@alyassiadvocates.com&#8221;][\/vc_column_inner][\/vc_row_inner][vc_empty_space height=&#8221;20px&#8221;][ct_contact_form id=&#8221;754&#8243; styles=&#8221;style5&#8243;][\/vc_column][\/vc_row]<\/p>\n","protected":false},"excerpt":{"rendered":"<p>[vc_row css=&#8221;.vc_custom_1690797255536{padding-top: 80px !important;padding-bottom: 80px !important;}&#8221;][vc_column width=&#8221;1\/4&#8243;][vc_wp_custommenu nav_menu=&#8221;91&#8243;][\/vc_column][vc_column width=&#8221;3\/4&#8243;][ct_heading text=&#8221;Fusion et acquisition&#8221; font_size_sm=&#8221;24&#8243; font_size_xs=&#8221;24&#8243; font_weight=&#8221;&#8221; show_gap=&#8221;show&#8221; description_font_weight=&#8221;inherit&#8221; margin_bottom=&#8221;0&#8243;][vc_empty_space height=&#8221;20&#8243;][vc_column_text]Nous nous concentrons sur les transactions nationales et mondiales visant \u00e0 consolider les activit\u00e9s de deux ou plusieurs soci\u00e9t\u00e9s ou conglom\u00e9rats, telles que les fusions, l\u2019achat d\u2019actifs, les offres publiques d\u2019achat et les prises de contr\u00f4le hostiles. [&hellip;]<\/p>\n","protected":false},"author":2,"featured_media":0,"parent":0,"menu_order":0,"comment_status":"closed","ping_status":"closed","template":"","meta":{"footnotes":""},"class_list":["post-5166","page","type-page","status-publish","hentry"],"_links":{"self":[{"href":"https:\/\/alyassiadvocates.com\/fr\/wp-json\/wp\/v2\/pages\/5166","targetHints":{"allow":["GET"]}}],"collection":[{"href":"https:\/\/alyassiadvocates.com\/fr\/wp-json\/wp\/v2\/pages"}],"about":[{"href":"https:\/\/alyassiadvocates.com\/fr\/wp-json\/wp\/v2\/types\/page"}],"author":[{"embeddable":true,"href":"https:\/\/alyassiadvocates.com\/fr\/wp-json\/wp\/v2\/users\/2"}],"replies":[{"embeddable":true,"href":"https:\/\/alyassiadvocates.com\/fr\/wp-json\/wp\/v2\/comments?post=5166"}],"version-history":[{"count":2,"href":"https:\/\/alyassiadvocates.com\/fr\/wp-json\/wp\/v2\/pages\/5166\/revisions"}],"predecessor-version":[{"id":6887,"href":"https:\/\/alyassiadvocates.com\/fr\/wp-json\/wp\/v2\/pages\/5166\/revisions\/6887"}],"wp:attachment":[{"href":"https:\/\/alyassiadvocates.com\/fr\/wp-json\/wp\/v2\/media?parent=5166"}],"curies":[{"name":"wp","href":"https:\/\/api.w.org\/{rel}","templated":true}]}}