{"id":5102,"date":"2022-10-01T12:22:26","date_gmt":"2022-10-01T08:22:26","guid":{"rendered":"https:\/\/alyassiadvocates.com\/?page_id=5102"},"modified":"2025-09-26T12:17:17","modified_gmt":"2025-09-26T08:17:17","slug":"analyse-financiere-et-audit","status":"publish","type":"page","link":"https:\/\/alyassiadvocates.com\/fr\/analyse-financiere-et-audit\/","title":{"rendered":"Analyse financi\u00e8re et audit"},"content":{"rendered":"<p>[vc_row css=&#8221;.vc_custom_1690797175490{padding-top: 80px !important;padding-bottom: 80px !important;}&#8221;][vc_column width=&#8221;1\/4&#8243;][vc_wp_custommenu nav_menu=&#8221;91&#8243;][\/vc_column][vc_column width=&#8221;3\/4&#8243;][ct_heading text=&#8221;Analyse financi\u00e8re et audit&#8221; font_size_sm=&#8221;24&#8243; font_size_xs=&#8221;24&#8243; font_weight=&#8221;&#8221; show_gap=&#8221;show&#8221; description_font_weight=&#8221;inherit&#8221; margin_bottom=&#8221;0&#8243;][vc_empty_space height=&#8221;20&#8243;][vc_column_text]Nous fournissons l\u2019assurance que votre direction pr\u00e9sente une vision \u00ab v\u00e9ridique et juste \u00bb de la performance financi\u00e8re et de la position de votre entreprise afin d\u2019\u00e9tablir et de favoriser la confiance avec la propri\u00e9t\u00e9 et les autres parties prenantes cl\u00e9s. Les auditeurs qualifi\u00e9s de SC&amp;H peuvent auditer ou examiner vos \u00e9tats financiers et les informations correspondantes, en fournissant une conclusion ind\u00e9pendante selon laquelle ils ne comportent pas d\u2019anomalies significatives et l\u2019assurance qu\u2019ils respectent les exigences en mati\u00e8re d\u2019information financi\u00e8re pour aider votre organisation :<\/p>\n<ul>\n<li>Am\u00e9liorer la communication<\/li>\n<li>Am\u00e9liorer le contr\u00f4le interne et les op\u00e9rations<\/li>\n<li>R\u00e9duire le co\u00fbt du capital<\/li>\n<li>Am\u00e9liorez la conformit\u00e9 et les rapports<\/li>\n<li>Appel \u00e0 des tiers.<\/li>\n<\/ul>\n<p>[\/vc_column_text][vc_empty_space height=&#8221;40px&#8221;][vc_row_inner][vc_column_inner width=&#8221;1\/3&#8243;][ct_heading text=&#8221;CONTACTEZ-NOUS&#8221; font_size_sm=&#8221;24&#8243; font_size_xs=&#8221;24&#8243; font_weight=&#8221;&#8221; description_font_weight=&#8221;inherit&#8221; margin_bottom=&#8221;0&#8243;][\/vc_column_inner][vc_column_inner width=&#8221;1\/3&#8243;][ct_contact_info style=&#8221;style2&#8243; content_info=&#8221;Arcade Building, \u00e9tage M, bureau n\u00b0 M06, Al Garhoud, Duba\u00ef, \u00c9mirats arabes unis<br \/>\n&#8220;][\/vc_column_inner][vc_column_inner width=&#8221;1\/3&#8243;][ct_contact_info style=&#8221;style2&#8243; content_type=&#8221;tel&#8221; content_info=&#8221;+971 4 3852835&#8243;][ct_contact_info style=&#8221;style2&#8243; content_type=&#8221;email&#8221; content_info=&#8221;info@alyassiadvocates.com&#8221;][\/vc_column_inner][\/vc_row_inner][vc_empty_space height=&#8221;20px&#8221;][ct_contact_form id=&#8221;754&#8243; styles=&#8221;style5&#8243;][\/vc_column][\/vc_row]<\/p>\n","protected":false},"excerpt":{"rendered":"<p>[vc_row css=&#8221;.vc_custom_1690797175490{padding-top: 80px !important;padding-bottom: 80px !important;}&#8221;][vc_column width=&#8221;1\/4&#8243;][vc_wp_custommenu nav_menu=&#8221;91&#8243;][\/vc_column][vc_column width=&#8221;3\/4&#8243;][ct_heading text=&#8221;Analyse financi\u00e8re et audit&#8221; font_size_sm=&#8221;24&#8243; font_size_xs=&#8221;24&#8243; font_weight=&#8221;&#8221; show_gap=&#8221;show&#8221; description_font_weight=&#8221;inherit&#8221; margin_bottom=&#8221;0&#8243;][vc_empty_space height=&#8221;20&#8243;][vc_column_text]Nous fournissons l\u2019assurance que votre direction pr\u00e9sente une vision \u00ab v\u00e9ridique et juste \u00bb de la performance financi\u00e8re et de la position de votre entreprise afin d\u2019\u00e9tablir et de favoriser la confiance avec la propri\u00e9t\u00e9 et [&hellip;]<\/p>\n","protected":false},"author":2,"featured_media":0,"parent":0,"menu_order":0,"comment_status":"closed","ping_status":"closed","template":"","meta":{"footnotes":""},"class_list":["post-5102","page","type-page","status-publish","hentry"],"_links":{"self":[{"href":"https:\/\/alyassiadvocates.com\/fr\/wp-json\/wp\/v2\/pages\/5102","targetHints":{"allow":["GET"]}}],"collection":[{"href":"https:\/\/alyassiadvocates.com\/fr\/wp-json\/wp\/v2\/pages"}],"about":[{"href":"https:\/\/alyassiadvocates.com\/fr\/wp-json\/wp\/v2\/types\/page"}],"author":[{"embeddable":true,"href":"https:\/\/alyassiadvocates.com\/fr\/wp-json\/wp\/v2\/users\/2"}],"replies":[{"embeddable":true,"href":"https:\/\/alyassiadvocates.com\/fr\/wp-json\/wp\/v2\/comments?post=5102"}],"version-history":[{"count":2,"href":"https:\/\/alyassiadvocates.com\/fr\/wp-json\/wp\/v2\/pages\/5102\/revisions"}],"predecessor-version":[{"id":6872,"href":"https:\/\/alyassiadvocates.com\/fr\/wp-json\/wp\/v2\/pages\/5102\/revisions\/6872"}],"wp:attachment":[{"href":"https:\/\/alyassiadvocates.com\/fr\/wp-json\/wp\/v2\/media?parent=5102"}],"curies":[{"name":"wp","href":"https:\/\/api.w.org\/{rel}","templated":true}]}}