{"id":5092,"date":"2022-10-01T10:57:47","date_gmt":"2022-10-01T06:57:47","guid":{"rendered":"https:\/\/alyassiadvocates.com\/?page_id=5092"},"modified":"2025-09-26T12:17:56","modified_gmt":"2025-09-26T08:17:56","slug":"droit-de-la-famille","status":"publish","type":"page","link":"https:\/\/alyassiadvocates.com\/fr\/droit-de-la-famille\/","title":{"rendered":"DROIT DE LA FAMILLE"},"content":{"rendered":"<p>[vc_row css=&#8221;.vc_custom_1690797175490{padding-top: 80px !important;padding-bottom: 80px !important;}&#8221;][vc_column width=&#8221;1\/4&#8243;][vc_wp_custommenu nav_menu=&#8221;91&#8243;][\/vc_column][vc_column width=&#8221;3\/4&#8243;][ct_heading text=&#8221;DROIT DE LA FAMILLE&#8221; font_size_sm=&#8221;24&#8243; font_size_xs=&#8221;24&#8243; font_weight=&#8221;&#8221; show_gap=&#8221;show&#8221; description_font_weight=&#8221;inherit&#8221; margin_bottom=&#8221;0&#8243;][vc_empty_space height=&#8221;20&#8243;][vc_column_text]Notre \u00e9quipe d\u2019avocats est exp\u00e9riment\u00e9e en mati\u00e8re familiale pour parvenir \u00e0 une d\u00e9cision \u00e0 l\u2019amiable qui convient le mieux \u00e0 la famille. Nous avons de bons avocats pour les services juridiques de la famille qui fournissent une aide et un soutien ad\u00e9quats aux clients potentiels. Nous offrons notre expertise juridique dans les affaires li\u00e9es au droit de la famille aux personnes de toutes les religions. Nous traitons tous les types d\u2019affaires juridiques et les questions li\u00e9es au divorce, \u00e0 l\u2019allocation financi\u00e8re, \u00e0 la garde des enfants, aux conflits de propri\u00e9t\u00e9, au mariage et \u00e0 la s\u00e9paration.<\/p>\n<p>Nous avons une vaste exp\u00e9rience dans la gestion de tous les types de litiges familiaux pour les expatri\u00e9s des \u00c9mirats arabes unis. Notre objectif est toujours de parvenir aux meilleures r\u00e9solutions pour toutes les parties impliqu\u00e9es afin que chacun se retrouve avec les meilleurs r\u00e9sultats possibles.<\/p>\n<p>Notre \u00e9quipe travaillera avec les couples pour adopter une m\u00e9thode proactive de r\u00e9solution des diff\u00e9rends afin que toute la famille profite \u00e9ventuellement de l\u2019affaire.<\/p>\n<p><strong>Nos services et consultations juridiques en mati\u00e8re familiale comprennent :<\/strong><\/p>\n<ul>\n<li>Tutelle<\/li>\n<li>Conflits de garde<\/li>\n<li>Restitution financi\u00e8re et soutien<\/li>\n<li>Affaires de divorce et de s\u00e9paration<\/li>\n<li>Accords pr\u00e9nuptial<\/li>\n<\/ul>\n<p>[\/vc_column_text][vc_empty_space height=&#8221;40px&#8221;][vc_row_inner][vc_column_inner width=&#8221;1\/3&#8243;][ct_heading text=&#8221;CONTACTEZ-NOUS&#8221; font_size_sm=&#8221;24&#8243; font_size_xs=&#8221;24&#8243; font_weight=&#8221;&#8221; description_font_weight=&#8221;inherit&#8221; margin_bottom=&#8221;0&#8243;][\/vc_column_inner][vc_column_inner width=&#8221;1\/3&#8243;][ct_contact_info style=&#8221;style2&#8243; content_info=&#8221;Arcade Building, \u00e9tage M, bureau n\u00b0 M06, Al Garhoud, Duba\u00ef, \u00c9mirats arabes unis<br \/>\n&#8220;][\/vc_column_inner][vc_column_inner width=&#8221;1\/3&#8243;][ct_contact_info style=&#8221;style2&#8243; content_type=&#8221;tel&#8221; content_info=&#8221;+971 4 3852835&#8243;][ct_contact_info style=&#8221;style2&#8243; content_type=&#8221;email&#8221; content_info=&#8221;info@alyassiadvocates.com&#8221;][\/vc_column_inner][\/vc_row_inner][vc_empty_space height=&#8221;20px&#8221;][ct_contact_form id=&#8221;754&#8243; styles=&#8221;style5&#8243;][\/vc_column][\/vc_row]<\/p>\n","protected":false},"excerpt":{"rendered":"<p>[vc_row css=&#8221;.vc_custom_1690797175490{padding-top: 80px !important;padding-bottom: 80px !important;}&#8221;][vc_column width=&#8221;1\/4&#8243;][vc_wp_custommenu nav_menu=&#8221;91&#8243;][\/vc_column][vc_column width=&#8221;3\/4&#8243;][ct_heading text=&#8221;DROIT DE LA FAMILLE&#8221; font_size_sm=&#8221;24&#8243; font_size_xs=&#8221;24&#8243; font_weight=&#8221;&#8221; show_gap=&#8221;show&#8221; description_font_weight=&#8221;inherit&#8221; margin_bottom=&#8221;0&#8243;][vc_empty_space height=&#8221;20&#8243;][vc_column_text]Notre \u00e9quipe d\u2019avocats est exp\u00e9riment\u00e9e en mati\u00e8re familiale pour parvenir \u00e0 une d\u00e9cision \u00e0 l\u2019amiable qui convient le mieux \u00e0 la famille. Nous avons de bons avocats pour les services juridiques de la famille qui fournissent [&hellip;]<\/p>\n","protected":false},"author":2,"featured_media":0,"parent":0,"menu_order":0,"comment_status":"closed","ping_status":"closed","template":"","meta":{"footnotes":""},"class_list":["post-5092","page","type-page","status-publish","hentry"],"_links":{"self":[{"href":"https:\/\/alyassiadvocates.com\/fr\/wp-json\/wp\/v2\/pages\/5092","targetHints":{"allow":["GET"]}}],"collection":[{"href":"https:\/\/alyassiadvocates.com\/fr\/wp-json\/wp\/v2\/pages"}],"about":[{"href":"https:\/\/alyassiadvocates.com\/fr\/wp-json\/wp\/v2\/types\/page"}],"author":[{"embeddable":true,"href":"https:\/\/alyassiadvocates.com\/fr\/wp-json\/wp\/v2\/users\/2"}],"replies":[{"embeddable":true,"href":"https:\/\/alyassiadvocates.com\/fr\/wp-json\/wp\/v2\/comments?post=5092"}],"version-history":[{"count":2,"href":"https:\/\/alyassiadvocates.com\/fr\/wp-json\/wp\/v2\/pages\/5092\/revisions"}],"predecessor-version":[{"id":6876,"href":"https:\/\/alyassiadvocates.com\/fr\/wp-json\/wp\/v2\/pages\/5092\/revisions\/6876"}],"wp:attachment":[{"href":"https:\/\/alyassiadvocates.com\/fr\/wp-json\/wp\/v2\/media?parent=5092"}],"curies":[{"name":"wp","href":"https:\/\/api.w.org\/{rel}","templated":true}]}}