{"id":5082,"date":"2022-10-01T10:51:23","date_gmt":"2022-10-01T06:51:23","guid":{"rendered":"https:\/\/alyassiadvocates.com\/?page_id=5082"},"modified":"2025-09-26T12:19:19","modified_gmt":"2025-09-26T08:19:19","slug":"loi-criminelle","status":"publish","type":"page","link":"https:\/\/alyassiadvocates.com\/fr\/loi-criminelle\/","title":{"rendered":"Loi criminelle"},"content":{"rendered":"<p>[vc_row css=&#8221;.vc_custom_1690797175490{padding-top: 80px !important;padding-bottom: 80px !important;}&#8221;][vc_column width=&#8221;1\/4&#8243;][vc_wp_custommenu nav_menu=&#8221;91&#8243;][\/vc_column][vc_column width=&#8221;3\/4&#8243;][ct_heading text=&#8221;Loi criminelle&#8221; font_size_sm=&#8221;24&#8243; font_size_xs=&#8221;24&#8243; font_weight=&#8221;&#8221; show_gap=&#8221;show&#8221; description_font_weight=&#8221;inherit&#8221; margin_bottom=&#8221;0&#8243;][vc_empty_space height=&#8221;20&#8243;][vc_column_text]Nos avocats et notre conseiller juridique ont des d\u00e9cennies de connaissances et d\u2019exp\u00e9rience dans les affaires p\u00e9nales. Nous nous engageons \u00e0 fournir des performances sup\u00e9rieures en fournissant les meilleures pratiques de d\u00e9fense \u00e0 la disposition des personnes en conflit. Le droit p\u00e9nal des \u00c9mirats arabes unis comprend plusieurs dispositions d\u00e9riv\u00e9es de la charia islamique, qui n\u00e9cessitent des connaissances et une compr\u00e9hension sp\u00e9cifiques pour une d\u00e9fense appropri\u00e9e en mati\u00e8re de droit p\u00e9nal. Nos avocats p\u00e9nalistes exp\u00e9riment\u00e9s sont bien \u00e9quip\u00e9s avec les connaissances juridiques et pratiques pour aider avec tous les types d\u2019affaires p\u00e9nales locales et r\u00e9gionales.<\/p>\n<p>Nous croyons que chacun a droit \u00e0 des conseils juridiques et qu\u2019il est de notre devoir professionnel de d\u00e9fendre nos clients au mieux de nos capacit\u00e9s. Que nous agissions au nom de la victime ou de l\u2019accus\u00e9, nos avocats en contentieux p\u00e9nal traitent les demandes des personnes cherchant une d\u00e9fense p\u00e9nale pour s\u2019assurer que leurs droits sont prot\u00e9g\u00e9s par la Constitution et la loi de proc\u00e9dure p\u00e9nale des EAU. Nos services de d\u00e9fense p\u00e9nale comprennent :<\/p>\n<ul>\n<li>Crimes violents<\/li>\n<li>Crimes li\u00e9s \u00e0 la drogue<\/li>\n<li>Crimes li\u00e9s \u00e0 l\u2019alcool<\/li>\n<li>Crimes de vol<\/li>\n<li>Crimes financiers<\/li>\n<li>Appels et plus<\/li>\n<\/ul>\n<p>Nous repr\u00e9sentons des clients \u00e0 toutes les \u00e9tapes de leurs proc\u00e9dures p\u00e9nales, y compris les tribunaux de premi\u00e8re instance, les cours d\u2019appel et la Cour supr\u00eame f\u00e9d\u00e9rale des \u00c9mirats arabes unis. Nos avocats p\u00e9nalistes travaillent main dans la main avec des sp\u00e9cialistes d\u2019autres secteurs pour assurer une offre de service compl\u00e8te pour chaque client.[\/vc_column_text][vc_empty_space height=&#8221;40px&#8221;][vc_row_inner][vc_column_inner width=&#8221;1\/3&#8243;][ct_heading text=&#8221;CONTACTEZ-NOUS&#8221; font_size_sm=&#8221;24&#8243; font_size_xs=&#8221;24&#8243; font_weight=&#8221;&#8221; description_font_weight=&#8221;inherit&#8221; margin_bottom=&#8221;0&#8243;][\/vc_column_inner][vc_column_inner width=&#8221;1\/3&#8243;][ct_contact_info style=&#8221;style2&#8243; content_info=&#8221;Arcade Building, \u00e9tage M, bureau n\u00b0 M06, Al Garhoud, Duba\u00ef, \u00c9mirats arabes unis<br \/>\n&#8220;][\/vc_column_inner][vc_column_inner width=&#8221;1\/3&#8243;][ct_contact_info style=&#8221;style2&#8243; content_type=&#8221;tel&#8221; content_info=&#8221;+971 4 3852835&#8243;][ct_contact_info style=&#8221;style2&#8243; content_type=&#8221;email&#8221; content_info=&#8221;info@alyassiadvocates.com&#8221;][\/vc_column_inner][\/vc_row_inner][vc_empty_space height=&#8221;20px&#8221;][ct_contact_form id=&#8221;754&#8243; styles=&#8221;style5&#8243;][\/vc_column][\/vc_row]<\/p>\n","protected":false},"excerpt":{"rendered":"<p>[vc_row css=&#8221;.vc_custom_1690797175490{padding-top: 80px !important;padding-bottom: 80px !important;}&#8221;][vc_column width=&#8221;1\/4&#8243;][vc_wp_custommenu nav_menu=&#8221;91&#8243;][\/vc_column][vc_column width=&#8221;3\/4&#8243;][ct_heading text=&#8221;Loi criminelle&#8221; font_size_sm=&#8221;24&#8243; font_size_xs=&#8221;24&#8243; font_weight=&#8221;&#8221; show_gap=&#8221;show&#8221; description_font_weight=&#8221;inherit&#8221; margin_bottom=&#8221;0&#8243;][vc_empty_space height=&#8221;20&#8243;][vc_column_text]Nos avocats et notre conseiller juridique ont des d\u00e9cennies de connaissances et d\u2019exp\u00e9rience dans les affaires p\u00e9nales. Nous nous engageons \u00e0 fournir des performances sup\u00e9rieures en fournissant les meilleures pratiques de d\u00e9fense \u00e0 la disposition des personnes en [&hellip;]<\/p>\n","protected":false},"author":2,"featured_media":0,"parent":0,"menu_order":0,"comment_status":"closed","ping_status":"closed","template":"","meta":{"footnotes":""},"class_list":["post-5082","page","type-page","status-publish","hentry"],"_links":{"self":[{"href":"https:\/\/alyassiadvocates.com\/fr\/wp-json\/wp\/v2\/pages\/5082","targetHints":{"allow":["GET"]}}],"collection":[{"href":"https:\/\/alyassiadvocates.com\/fr\/wp-json\/wp\/v2\/pages"}],"about":[{"href":"https:\/\/alyassiadvocates.com\/fr\/wp-json\/wp\/v2\/types\/page"}],"author":[{"embeddable":true,"href":"https:\/\/alyassiadvocates.com\/fr\/wp-json\/wp\/v2\/users\/2"}],"replies":[{"embeddable":true,"href":"https:\/\/alyassiadvocates.com\/fr\/wp-json\/wp\/v2\/comments?post=5082"}],"version-history":[{"count":2,"href":"https:\/\/alyassiadvocates.com\/fr\/wp-json\/wp\/v2\/pages\/5082\/revisions"}],"predecessor-version":[{"id":6882,"href":"https:\/\/alyassiadvocates.com\/fr\/wp-json\/wp\/v2\/pages\/5082\/revisions\/6882"}],"wp:attachment":[{"href":"https:\/\/alyassiadvocates.com\/fr\/wp-json\/wp\/v2\/media?parent=5082"}],"curies":[{"name":"wp","href":"https:\/\/api.w.org\/{rel}","templated":true}]}}