{"id":5052,"date":"2022-10-01T10:52:17","date_gmt":"2022-10-01T06:52:17","guid":{"rendered":"https:\/\/alyassiadvocates.com\/?page_id=5052"},"modified":"2025-09-26T12:19:10","modified_gmt":"2025-09-26T08:19:10","slug":"construction","status":"publish","type":"page","link":"https:\/\/alyassiadvocates.com\/fr\/construction\/","title":{"rendered":"Construction"},"content":{"rendered":"<p>[vc_row css=&#8221;.vc_custom_1690797175490{padding-top: 80px !important;padding-bottom: 80px !important;}&#8221;][vc_column width=&#8221;1\/4&#8243;][vc_wp_custommenu nav_menu=&#8221;91&#8243;][\/vc_column][vc_column width=&#8221;3\/4&#8243;][ct_heading text=&#8221;Construction&#8221; font_size_sm=&#8221;24&#8243; font_size_xs=&#8221;24&#8243; font_weight=&#8221;&#8221; show_gap=&#8221;show&#8221; description_font_weight=&#8221;inherit&#8221; margin_bottom=&#8221;0&#8243;][vc_empty_space height=&#8221;20&#8243;][vc_column_text]Nos avocats sont engag\u00e9s dans le domaine de la construction et de l\u2019ing\u00e9nierie. Nous nous sommes occup\u00e9s de fournir des conseils pour les grands groupes qui sont dans des projets commerciaux, h\u00f4teliers et r\u00e9sidentiels. Nous assistons nos clients tout au long du cycle de vie des projets complexes d\u2019infrastructures et de construction. Cela inclut toutes les \u00e9tapes de d\u00e9veloppement et de livraison et s\u2019\u00e9tend au financement et aux litiges dans le cadre de toutes les formes de contrats de construction.<\/p>\n<p>Notre compr\u00e9hension approfondie des diverses formes standard de contrats de construction, de d\u00e9veloppement et d\u2019ing\u00e9nierie, y compris FIDIC, nous permet d\u2019aider nos clients \u00e0 g\u00e9rer leur risque \u00e0 la hauteur de leur app\u00e9tit pour le risque.<\/p>\n<p>Notre expertise en mati\u00e8re de litiges s\u2019\u00e9tend de la m\u00e9diation, de l\u2019arbitrage et des litiges \u00e0 la n\u00e9gociation et \u00e0 la structuration d\u2019accords de r\u00e8glement majeurs qui traitent souvent de questions commerciales et r\u00e9glementaires interconnect\u00e9es et complexes li\u00e9es au secteur public.[\/vc_column_text][vc_empty_space height=&#8221;40px&#8221;][vc_row_inner][vc_column_inner width=&#8221;1\/3&#8243;][ct_heading text=&#8221;CONTACTEZ-NOUS&#8221; font_size_sm=&#8221;24&#8243; font_size_xs=&#8221;24&#8243; font_weight=&#8221;&#8221; description_font_weight=&#8221;inherit&#8221; margin_bottom=&#8221;0&#8243;][\/vc_column_inner][vc_column_inner width=&#8221;1\/3&#8243;][ct_contact_info style=&#8221;style2&#8243; content_info=&#8221;Arcade Building, \u00e9tage M, bureau n\u00b0 M06, Al Garhoud, Duba\u00ef, \u00c9mirats arabes unis<br \/>\n&#8220;][\/vc_column_inner][vc_column_inner width=&#8221;1\/3&#8243;][ct_contact_info style=&#8221;style2&#8243; content_type=&#8221;tel&#8221; content_info=&#8221;+971 4 3852835&#8243;][ct_contact_info style=&#8221;style2&#8243; content_type=&#8221;email&#8221; content_info=&#8221;info@alyassiadvocates.com&#8221;][\/vc_column_inner][\/vc_row_inner][vc_empty_space height=&#8221;20px&#8221;][ct_contact_form id=&#8221;754&#8243; styles=&#8221;style5&#8243;][\/vc_column][\/vc_row]<\/p>\n","protected":false},"excerpt":{"rendered":"<p>[vc_row css=&#8221;.vc_custom_1690797175490{padding-top: 80px !important;padding-bottom: 80px !important;}&#8221;][vc_column width=&#8221;1\/4&#8243;][vc_wp_custommenu nav_menu=&#8221;91&#8243;][\/vc_column][vc_column width=&#8221;3\/4&#8243;][ct_heading text=&#8221;Construction&#8221; font_size_sm=&#8221;24&#8243; font_size_xs=&#8221;24&#8243; font_weight=&#8221;&#8221; show_gap=&#8221;show&#8221; description_font_weight=&#8221;inherit&#8221; margin_bottom=&#8221;0&#8243;][vc_empty_space height=&#8221;20&#8243;][vc_column_text]Nos avocats sont engag\u00e9s dans le domaine de la construction et de l\u2019ing\u00e9nierie. Nous nous sommes occup\u00e9s de fournir des conseils pour les grands groupes qui sont dans des projets commerciaux, h\u00f4teliers et r\u00e9sidentiels. Nous assistons nos clients tout [&hellip;]<\/p>\n","protected":false},"author":2,"featured_media":0,"parent":0,"menu_order":0,"comment_status":"closed","ping_status":"closed","template":"","meta":{"footnotes":""},"class_list":["post-5052","page","type-page","status-publish","hentry"],"_links":{"self":[{"href":"https:\/\/alyassiadvocates.com\/fr\/wp-json\/wp\/v2\/pages\/5052","targetHints":{"allow":["GET"]}}],"collection":[{"href":"https:\/\/alyassiadvocates.com\/fr\/wp-json\/wp\/v2\/pages"}],"about":[{"href":"https:\/\/alyassiadvocates.com\/fr\/wp-json\/wp\/v2\/types\/page"}],"author":[{"embeddable":true,"href":"https:\/\/alyassiadvocates.com\/fr\/wp-json\/wp\/v2\/users\/2"}],"replies":[{"embeddable":true,"href":"https:\/\/alyassiadvocates.com\/fr\/wp-json\/wp\/v2\/comments?post=5052"}],"version-history":[{"count":2,"href":"https:\/\/alyassiadvocates.com\/fr\/wp-json\/wp\/v2\/pages\/5052\/revisions"}],"predecessor-version":[{"id":6881,"href":"https:\/\/alyassiadvocates.com\/fr\/wp-json\/wp\/v2\/pages\/5052\/revisions\/6881"}],"wp:attachment":[{"href":"https:\/\/alyassiadvocates.com\/fr\/wp-json\/wp\/v2\/media?parent=5052"}],"curies":[{"name":"wp","href":"https:\/\/api.w.org\/{rel}","templated":true}]}}