{"id":5030,"date":"2022-10-01T10:58:35","date_gmt":"2022-10-01T06:58:35","guid":{"rendered":"https:\/\/alyassiadvocates.com\/?page_id=5030"},"modified":"2025-09-26T12:17:45","modified_gmt":"2025-09-26T08:17:45","slug":"droit-civil","status":"publish","type":"page","link":"https:\/\/alyassiadvocates.com\/fr\/droit-civil\/","title":{"rendered":"Droit civil"},"content":{"rendered":"<p>[vc_row css=&#8221;.vc_custom_1690797175490{padding-top: 80px !important;padding-bottom: 80px !important;}&#8221;][vc_column width=&#8221;1\/4&#8243;][vc_wp_custommenu nav_menu=&#8221;91&#8243;][\/vc_column][vc_column width=&#8221;3\/4&#8243;][ct_heading text=&#8221;Droit civil&#8221; font_size_sm=&#8221;24&#8243; font_size_xs=&#8221;24&#8243; font_weight=&#8221;&#8221; show_gap=&#8221;show&#8221; description_font_weight=&#8221;inherit&#8221; margin_bottom=&#8221;0&#8243;][vc_empty_space height=&#8221;20&#8243;][vc_column_text]Notre \u00e9quipe d\u2019avocats est compos\u00e9e de professionnels d\u00e9vou\u00e9s, experts et sp\u00e9cialis\u00e9s dans diff\u00e9rents domaines du droit civil, sans se limiter aux litiges civils, \u00e0 l\u2019arbitrage, aux diff\u00e9rends commerciaux, \u00e0 la rupture de contrat, aux affaires corporatives, \u00e0 l\u2019indemnisation et aux poursuites civiles, au recouvrement de cr\u00e9ances et plus encore.<\/p>\n<p>Nous avons le droit de repr\u00e9senter devant tous les tribunaux des \u00c9mirats arabes unis et \u00e9galement devant le tribunal ADGM d\u2019Abou Dhabi. Le droit civil r\u00e9glemente la vie quotidienne des particuliers, des \u00e9tablissements et des entreprises. Notre \u00e9quipe d\u2019avocats est sp\u00e9cialis\u00e9e dans tous les aspects du droit civil et commercial. Notre \u00e9quipe diversifi\u00e9e apporte une riche expertise dans des domaines vari\u00e9s, y compris, mais sans s\u2019y limiter, les litiges civils, l\u2019arbitrage, les diff\u00e9rends commerciaux, la rupture de contrat, les affaires corporatives, les conflits du travail, les demandes d\u2019indemnisation, les questions maritimes, immobili\u00e8res, de recouvrement de cr\u00e9ances et de propri\u00e9t\u00e9 intellectuelle et plus encore. Notre \u00e9quipe compte les meilleurs avocats civils de Duba\u00ef, qui ont le droit de se faire repr\u00e9senter devant tous les tribunaux des \u00c9mirats arabes unis. \u00c0 Duba\u00ef, le syst\u00e8me judiciaire se compose du \u00ab Tribunal de premi\u00e8re instance \u00bb, de la \u00ab Cour d\u2019appel \u00bb et de la \u00ab Cour de cassation \u00bb. Parmi ceux-ci, le \u00ab tribunal de premi\u00e8re instance \u00bb constitue le premier degr\u00e9 de contentieux aux EAU et est comp\u00e9tent pour conna\u00eetre de toutes les poursuites civiles, commerciales, administratives, du travail et du statut personnel. Le tribunal a en outre un circuit mineur et majeur en fonction de la valeur de votre demande, du type d\u2019affaire et du nombre de juges.[\/vc_column_text][vc_empty_space height=&#8221;40px&#8221;][vc_row_inner][vc_column_inner width=&#8221;1\/3&#8243;][ct_heading text=&#8221;CONTACTEZ-NOUS&#8221; font_size_sm=&#8221;24&#8243; font_size_xs=&#8221;24&#8243; font_weight=&#8221;&#8221; description_font_weight=&#8221;inherit&#8221; margin_bottom=&#8221;0&#8243;][\/vc_column_inner][vc_column_inner width=&#8221;1\/3&#8243;][ct_contact_info style=&#8221;style2&#8243; content_info=&#8221;Arcade Building, \u00e9tage M, bureau n\u00b0 M06, Al Garhoud, Duba\u00ef, \u00c9mirats arabes unis<br \/>\n&#8220;][\/vc_column_inner][vc_column_inner width=&#8221;1\/3&#8243;][ct_contact_info style=&#8221;style2&#8243; content_type=&#8221;tel&#8221; content_info=&#8221;+971 4 3852835&#8243;][ct_contact_info style=&#8221;style2&#8243; content_type=&#8221;email&#8221; content_info=&#8221;info@alyassiadvocates.com&#8221;][\/vc_column_inner][\/vc_row_inner][vc_empty_space height=&#8221;20px&#8221;][ct_contact_form id=&#8221;754&#8243; styles=&#8221;style5&#8243;][\/vc_column][\/vc_row]<\/p>\n","protected":false},"excerpt":{"rendered":"<p>[vc_row css=&#8221;.vc_custom_1690797175490{padding-top: 80px !important;padding-bottom: 80px !important;}&#8221;][vc_column width=&#8221;1\/4&#8243;][vc_wp_custommenu nav_menu=&#8221;91&#8243;][\/vc_column][vc_column width=&#8221;3\/4&#8243;][ct_heading text=&#8221;Droit civil&#8221; font_size_sm=&#8221;24&#8243; font_size_xs=&#8221;24&#8243; font_weight=&#8221;&#8221; show_gap=&#8221;show&#8221; description_font_weight=&#8221;inherit&#8221; margin_bottom=&#8221;0&#8243;][vc_empty_space height=&#8221;20&#8243;][vc_column_text]Notre \u00e9quipe d\u2019avocats est compos\u00e9e de professionnels d\u00e9vou\u00e9s, experts et sp\u00e9cialis\u00e9s dans diff\u00e9rents domaines du droit civil, sans se limiter aux litiges civils, \u00e0 l\u2019arbitrage, aux diff\u00e9rends commerciaux, \u00e0 la rupture de contrat, aux affaires corporatives, \u00e0 l\u2019indemnisation [&hellip;]<\/p>\n","protected":false},"author":2,"featured_media":0,"parent":0,"menu_order":0,"comment_status":"closed","ping_status":"closed","template":"","meta":{"footnotes":""},"class_list":["post-5030","page","type-page","status-publish","hentry"],"_links":{"self":[{"href":"https:\/\/alyassiadvocates.com\/fr\/wp-json\/wp\/v2\/pages\/5030","targetHints":{"allow":["GET"]}}],"collection":[{"href":"https:\/\/alyassiadvocates.com\/fr\/wp-json\/wp\/v2\/pages"}],"about":[{"href":"https:\/\/alyassiadvocates.com\/fr\/wp-json\/wp\/v2\/types\/page"}],"author":[{"embeddable":true,"href":"https:\/\/alyassiadvocates.com\/fr\/wp-json\/wp\/v2\/users\/2"}],"replies":[{"embeddable":true,"href":"https:\/\/alyassiadvocates.com\/fr\/wp-json\/wp\/v2\/comments?post=5030"}],"version-history":[{"count":2,"href":"https:\/\/alyassiadvocates.com\/fr\/wp-json\/wp\/v2\/pages\/5030\/revisions"}],"predecessor-version":[{"id":6875,"href":"https:\/\/alyassiadvocates.com\/fr\/wp-json\/wp\/v2\/pages\/5030\/revisions\/6875"}],"wp:attachment":[{"href":"https:\/\/alyassiadvocates.com\/fr\/wp-json\/wp\/v2\/media?parent=5030"}],"curies":[{"name":"wp","href":"https:\/\/api.w.org\/{rel}","templated":true}]}}