{"id":5015,"date":"2022-10-01T11:00:42","date_gmt":"2022-10-01T07:00:42","guid":{"rendered":"https:\/\/alyassiadvocates.com\/?page_id=5015"},"modified":"2025-09-26T12:17:26","modified_gmt":"2025-09-26T08:17:26","slug":"marches-des-capitaux-et-actions","status":"publish","type":"page","link":"https:\/\/alyassiadvocates.com\/fr\/marches-des-capitaux-et-actions\/","title":{"rendered":"March\u00e9s des capitaux et actions"},"content":{"rendered":"<p>[vc_row css=&#8221;.vc_custom_1690797175490{padding-top: 80px !important;padding-bottom: 80px !important;}&#8221;][vc_column width=&#8221;1\/4&#8243;][vc_wp_custommenu nav_menu=&#8221;91&#8243;][\/vc_column][vc_column width=&#8221;3\/4&#8243;][ct_heading text=&#8221;March\u00e9s des capitaux et actions&#8221; font_size_sm=&#8221;24&#8243; font_size_xs=&#8221;24&#8243; font_weight=&#8221;&#8221; show_gap=&#8221;show&#8221; description_font_weight=&#8221;inherit&#8221; margin_bottom=&#8221;0&#8243;][vc_empty_space height=&#8221;20&#8243;][vc_column_text]Nos avocats exp\u00e9riment\u00e9s en march\u00e9s des capitaux propres fournissent des conseils clairs et commercialement \u00e9quilibr\u00e9s sur l\u2019ensemble des structures de financement par capitaux propres.<br \/>\nAlliant excellence technique et perspicacit\u00e9 commerciale, notre \u00e9quipe internationale et transfrontali\u00e8re conseille r\u00e9guli\u00e8rement sur des transactions complexes sur les march\u00e9s boursiers.<br \/>\nNous avons une longue exp\u00e9rience dans la gestion de l\u2019\u00e9ventail complet des structures de financement par capitaux propres, des financements par capitaux propres, des prises de contr\u00f4le, des prises de contr\u00f4le invers\u00e9es, des placements priv\u00e9s, des acquisitions, des scissions, des scissions, des \u00e9missions convertibles, ainsi que des obligations continues associ\u00e9es et des questions de gouvernance d\u2019entreprise. Bon nombre de nos transactions se situent dans nos secteurs cl\u00e9s de l\u2019\u00e9nergie et des transports, o\u00f9 notre connaissance approfondie du secteur ajoute une valeur suppl\u00e9mentaire \u00e0 nos clients.[\/vc_column_text][vc_empty_space height=&#8221;40px&#8221;][vc_row_inner][vc_column_inner width=&#8221;1\/3&#8243;][ct_heading text=&#8221;CONTACTEZ-NOUS&#8221; font_size_sm=&#8221;24&#8243; font_size_xs=&#8221;24&#8243; font_weight=&#8221;&#8221; description_font_weight=&#8221;inherit&#8221; margin_bottom=&#8221;0&#8243;][\/vc_column_inner][vc_column_inner width=&#8221;1\/3&#8243;][ct_contact_info style=&#8221;style2&#8243; content_info=&#8221;Arcade Building, \u00e9tage M, bureau n\u00b0 M06, Al Garhoud, Duba\u00ef, \u00c9mirats arabes unis<br \/>\n&#8220;][\/vc_column_inner][vc_column_inner width=&#8221;1\/3&#8243;][ct_contact_info style=&#8221;style2&#8243; content_type=&#8221;tel&#8221; content_info=&#8221;+971 4 3852835&#8243;][ct_contact_info style=&#8221;style2&#8243; content_type=&#8221;email&#8221; content_info=&#8221;info@alyassiadvocates.com&#8221;][\/vc_column_inner][\/vc_row_inner][vc_empty_space height=&#8221;20px&#8221;][ct_contact_form id=&#8221;754&#8243; styles=&#8221;style5&#8243;][\/vc_column][\/vc_row]<\/p>\n","protected":false},"excerpt":{"rendered":"<p>[vc_row css=&#8221;.vc_custom_1690797175490{padding-top: 80px !important;padding-bottom: 80px !important;}&#8221;][vc_column width=&#8221;1\/4&#8243;][vc_wp_custommenu nav_menu=&#8221;91&#8243;][\/vc_column][vc_column width=&#8221;3\/4&#8243;][ct_heading text=&#8221;March\u00e9s des capitaux et actions&#8221; font_size_sm=&#8221;24&#8243; font_size_xs=&#8221;24&#8243; font_weight=&#8221;&#8221; show_gap=&#8221;show&#8221; description_font_weight=&#8221;inherit&#8221; margin_bottom=&#8221;0&#8243;][vc_empty_space height=&#8221;20&#8243;][vc_column_text]Nos avocats exp\u00e9riment\u00e9s en march\u00e9s des capitaux propres fournissent des conseils clairs et commercialement \u00e9quilibr\u00e9s sur l\u2019ensemble des structures de financement par capitaux propres. Alliant excellence technique et perspicacit\u00e9 commerciale, notre \u00e9quipe internationale et transfrontali\u00e8re [&hellip;]<\/p>\n","protected":false},"author":2,"featured_media":0,"parent":0,"menu_order":0,"comment_status":"closed","ping_status":"closed","template":"","meta":{"footnotes":""},"class_list":["post-5015","page","type-page","status-publish","hentry"],"_links":{"self":[{"href":"https:\/\/alyassiadvocates.com\/fr\/wp-json\/wp\/v2\/pages\/5015","targetHints":{"allow":["GET"]}}],"collection":[{"href":"https:\/\/alyassiadvocates.com\/fr\/wp-json\/wp\/v2\/pages"}],"about":[{"href":"https:\/\/alyassiadvocates.com\/fr\/wp-json\/wp\/v2\/types\/page"}],"author":[{"embeddable":true,"href":"https:\/\/alyassiadvocates.com\/fr\/wp-json\/wp\/v2\/users\/2"}],"replies":[{"embeddable":true,"href":"https:\/\/alyassiadvocates.com\/fr\/wp-json\/wp\/v2\/comments?post=5015"}],"version-history":[{"count":2,"href":"https:\/\/alyassiadvocates.com\/fr\/wp-json\/wp\/v2\/pages\/5015\/revisions"}],"predecessor-version":[{"id":6873,"href":"https:\/\/alyassiadvocates.com\/fr\/wp-json\/wp\/v2\/pages\/5015\/revisions\/6873"}],"wp:attachment":[{"href":"https:\/\/alyassiadvocates.com\/fr\/wp-json\/wp\/v2\/media?parent=5015"}],"curies":[{"name":"wp","href":"https:\/\/api.w.org\/{rel}","templated":true}]}}