{"id":4958,"date":"2022-10-01T10:59:31","date_gmt":"2022-10-01T06:59:31","guid":{"rendered":"https:\/\/alyassiadvocates.com\/?page_id=4958"},"modified":"2025-09-26T12:17:35","modified_gmt":"2025-09-26T08:17:35","slug":"arbitrage-et-contentieux","status":"publish","type":"page","link":"https:\/\/alyassiadvocates.com\/fr\/arbitrage-et-contentieux\/","title":{"rendered":"Arbitrage et Contentieux"},"content":{"rendered":"<p>[vc_row css=&#8221;.vc_custom_1690797175490{padding-top: 80px !important;padding-bottom: 80px !important;}&#8221;][vc_column width=&#8221;1\/4&#8243;][vc_wp_custommenu nav_menu=&#8221;91&#8243;][\/vc_column][vc_column width=&#8221;3\/4&#8243;][ct_heading text=&#8221;Arbitrage et Contentieux&#8221; font_size_sm=&#8221;24&#8243; font_size_xs=&#8221;24&#8243; font_weight=&#8221;&#8221; show_gap=&#8221;show&#8221; description_font_weight=&#8221;inherit&#8221; margin_bottom=&#8221;0&#8243;][vc_empty_space height=&#8221;20&#8243;][vc_column_text]Les clauses ou accords d\u2019arbitrage sont r\u00e9pandus dans la plupart des transactions commerciales dans le monde o\u00f9 la cause et l\u2019effet d\u2019un litige ne sont pas familiers \u00e0 de nombreux sujets dans ces transactions.<\/p>\n<p>Notre \u00e9quipe de professionnels du droit fournit des services alternatifs de r\u00e8glement des diff\u00e9rends allant de la n\u00e9gociation \u00e0 l\u2019arbitrage. Nous aidons nos clients \u00e0 chaque \u00e9tape du processus d\u2019arbitrage, depuis le d\u00e9but d\u2019un litige jusqu\u2019\u00e0 sa r\u00e9solution. Nos services comprennent la diligence raisonnable, la r\u00e9daction de conventions d\u2019arbitrage, la repr\u00e9sentation des clients devant les centres d\u2019arbitrage tels que les tribunaux DIAC, SICAC, ADGM. D\u00e8s r\u00e9ception d\u2019une sentence arbitrale, notre \u00e9quipe de contentieux fournit une assistance pour la ratification, la reconnaissance et l\u2019ex\u00e9cution des sentences internationales et nationales.[\/vc_column_text][vc_empty_space height=&#8221;40px&#8221;][vc_row_inner][vc_column_inner width=&#8221;1\/3&#8243;][ct_heading text=&#8221;CONTACTEZ-NOUS&#8221; font_size_sm=&#8221;24&#8243; font_size_xs=&#8221;24&#8243; font_weight=&#8221;&#8221; description_font_weight=&#8221;inherit&#8221; margin_bottom=&#8221;0&#8243;][\/vc_column_inner][vc_column_inner width=&#8221;1\/3&#8243;][ct_contact_info style=&#8221;style2&#8243; content_info=&#8221;Arcade Building, \u00e9tage M, bureau n\u00b0 M06, Al Garhoud, Duba\u00ef, \u00c9mirats arabes unis<br \/>\n&#8220;][\/vc_column_inner][vc_column_inner width=&#8221;1\/3&#8243;][ct_contact_info style=&#8221;style2&#8243; content_type=&#8221;tel&#8221; content_info=&#8221;+971 4 3852835&#8243;][ct_contact_info style=&#8221;style2&#8243; content_type=&#8221;email&#8221; content_info=&#8221;info@alyassiadvocates.com&#8221;][\/vc_column_inner][\/vc_row_inner][vc_empty_space height=&#8221;20px&#8221;][ct_contact_form id=&#8221;754&#8243; styles=&#8221;style5&#8243;][\/vc_column][\/vc_row]<\/p>\n","protected":false},"excerpt":{"rendered":"<p>[vc_row css=&#8221;.vc_custom_1690797175490{padding-top: 80px !important;padding-bottom: 80px !important;}&#8221;][vc_column width=&#8221;1\/4&#8243;][vc_wp_custommenu nav_menu=&#8221;91&#8243;][\/vc_column][vc_column width=&#8221;3\/4&#8243;][ct_heading text=&#8221;Arbitrage et Contentieux&#8221; font_size_sm=&#8221;24&#8243; font_size_xs=&#8221;24&#8243; font_weight=&#8221;&#8221; show_gap=&#8221;show&#8221; description_font_weight=&#8221;inherit&#8221; margin_bottom=&#8221;0&#8243;][vc_empty_space height=&#8221;20&#8243;][vc_column_text]Les clauses ou accords d\u2019arbitrage sont r\u00e9pandus dans la plupart des transactions commerciales dans le monde o\u00f9 la cause et l\u2019effet d\u2019un litige ne sont pas familiers \u00e0 de nombreux sujets dans ces transactions. Notre \u00e9quipe de [&hellip;]<\/p>\n","protected":false},"author":2,"featured_media":0,"parent":0,"menu_order":0,"comment_status":"closed","ping_status":"closed","template":"","meta":{"footnotes":""},"class_list":["post-4958","page","type-page","status-publish","hentry"],"_links":{"self":[{"href":"https:\/\/alyassiadvocates.com\/fr\/wp-json\/wp\/v2\/pages\/4958","targetHints":{"allow":["GET"]}}],"collection":[{"href":"https:\/\/alyassiadvocates.com\/fr\/wp-json\/wp\/v2\/pages"}],"about":[{"href":"https:\/\/alyassiadvocates.com\/fr\/wp-json\/wp\/v2\/types\/page"}],"author":[{"embeddable":true,"href":"https:\/\/alyassiadvocates.com\/fr\/wp-json\/wp\/v2\/users\/2"}],"replies":[{"embeddable":true,"href":"https:\/\/alyassiadvocates.com\/fr\/wp-json\/wp\/v2\/comments?post=4958"}],"version-history":[{"count":4,"href":"https:\/\/alyassiadvocates.com\/fr\/wp-json\/wp\/v2\/pages\/4958\/revisions"}],"predecessor-version":[{"id":6874,"href":"https:\/\/alyassiadvocates.com\/fr\/wp-json\/wp\/v2\/pages\/4958\/revisions\/6874"}],"wp:attachment":[{"href":"https:\/\/alyassiadvocates.com\/fr\/wp-json\/wp\/v2\/media?parent=4958"}],"curies":[{"name":"wp","href":"https:\/\/api.w.org\/{rel}","templated":true}]}}