{"id":4847,"date":"2018-12-25T02:42:49","date_gmt":"2018-12-24T22:42:49","guid":{"rendered":"https:\/\/alyassiadvocates.com\/contactez-nous\/"},"modified":"2025-09-27T11:50:10","modified_gmt":"2025-09-27T07:50:10","slug":"contactez-nous","status":"publish","type":"page","link":"https:\/\/alyassiadvocates.com\/fr\/contactez-nous\/","title":{"rendered":"Contactez-Nous"},"content":{"rendered":"<p>[vc_row css=&#8221;.vc_custom_1545816911406{padding-right: 15px !important;padding-left: 15px !important;}&#8221;][vc_column ct_column_class=&#8221;rm-padding-sm&#8221; css=&#8221;.vc_custom_1690801828370{padding-top: 0px !important;padding-right: 70px !important;padding-left: 70px !important;}&#8221;][ct_space space_lg=&#8221;90&#8243; space_md=&#8221;70&#8243; space_sm=&#8221;50&#8243; space_xs=&#8221;30&#8243;][vc_row_inner][vc_column_inner width=&#8221;1\/2&#8243;][ct_heading text=&#8221;Contactez-Nous&#8221; font_size_xs=&#8221;26&#8243; font_weight=&#8221;&#8221; description_font_weight=&#8221;inherit&#8221;][vc_empty_space height=&#8221;20&#8243;][ct_contact_info style=&#8221;style2&#8243; content_type=&#8221;map&#8221; button_text=&#8221;voir sur la carte&#8221; button_link=&#8221;url:https%3A%2F%2Fmaps.app.goo.gl%2FbUc6DAsw1Y4JQ1aR8|target:_blank&#8221; icon_list=&#8221;flaticon&#8221; title=&#8221;\u00c9mirats Arabes Unis, Duba\u00ef, Business Bay, Tour de la Baie d&#8217;Iris, 14e \u00e9tage, bureau #1407&#8243; content_info=&#8221;Arcade Building, \u00e9tage M, bureau n\u00b0 M06, Al Garhoud, Duba\u00ef, \u00c9mirats arabes unis&#8221; icon_flaticon=&#8221;flaticon-placeholder&#8221;][vc_empty_space height=&#8221;20&#8243;][ct_contact_info style=&#8221;style2&#8243; content_type=&#8221;tel&#8221; icon_list=&#8221;flaticon&#8221; title=&#8221;+971 4 3852835&#8243; content_info=&#8221;+971 4 3852835&#8243; icon_flaticon=&#8221;flaticon-phone-call&#8221;][vc_empty_space height=&#8221;20&#8243;][ct_contact_info content_type=&#8221;email&#8221; icon_fontawesome=&#8221;far fa-envelope&#8221; title=&#8221;info@alyassiadvocates.com&#8221; content_info=&#8221;info@alyassiadvocates.com&#8221;][vc_separator color=&#8221;custom&#8221; style=&#8221;dashed&#8221; accent_color=&#8221;#dddddd&#8221; css=&#8221;.vc_custom_1692353568527{margin-top: 35px !important;}&#8221;][ct_social social=&#8221;%5B%7B%22icon%22%3A%22fab%20fa-facebook-f%22%2C%22social_link%22%3A%22https%3A%2F%2Fwww.facebook.com%2Fpeople%2FMaryam-Alyassi-Advocates%2F100089007847531%2F%22%7D%2C%7B%22icon%22%3A%22fab%20fa-instagram%22%2C%22social_link%22%3A%22https%3A%2F%2Fwww.instagram.com%2Fmaryam_alyassi_advocates%2F%22%7D%2C%7B%22icon%22%3A%22fab%20fa-twitter%22%2C%22social_link%22%3A%22https%3A%2F%2Ftwitter.com%2Fmariyamalyassi%22%7D%2C%7B%22icon%22%3A%22fab%20fa-linkedin-in%22%2C%22social_link%22%3A%22https%3A%2F%2Fwww.linkedin.com%2Fcompany%2Fal-yassi-advocates-legal-consultants%2F%22%7D%5D&#8221;][\/vc_column_inner][vc_column_inner width=&#8221;1\/2&#8243;][ct_space space_lg=&#8221;0&#8243; space_md=&#8221;0&#8243; space_sm=&#8221;0&#8243; space_xs=&#8221;32&#8243;][ct_contact_form id=&#8221;1915&#8243;][\/vc_column_inner][\/vc_row_inner][ct_space space_lg=&#8221;70&#8243; space_md=&#8221;70&#8243; space_sm=&#8221;70&#8243; space_xs=&#8221;30&#8243;][\/vc_column][\/vc_row][vc_row full_width=&#8221;stretch_row_content_no_spaces&#8221;][vc_column css=&#8221;.vc_custom_1545818776944{padding-top: 0px !important;}&#8221;][vc_gmaps link=&#8221;#E-8_JTNDaWZyYW1lJTIwc3JjJTNEJTIyaHR0cHMlM0ElMkYlMkZ3d3cuZ29vZ2xlLmNvbSUyRm1hcHMlMkZlbWJlZCUzRnBiJTNEJTIxMW0xOCUyMTFtMTIlMjExbTMlMjExZDYzNy45MTkwMTAzMDMwMzAzJTIxMmQ1NS4zMzkwOTg3NDg3NTczOTQlMjEzZDI1LjI0OTg5Mzc4NjE4NTAxNiUyMTJtMyUyMTFmMCUyMTJmMCUyMTNmMCUyMTNtMiUyMTFpMTAyNCUyMTJpNzY4JTIxNGYxMy4xJTIxM20zJTIxMW0yJTIxMXMweDNlNWY2OTUwNmM0ZTY5MDklMjUzQTB4YTg5MTBiYjc4MjBkNThkMiUyMTJzTWFyeWFtJTI1MjBBbCUyNTIwWWFzc2klMjUyMEFkdm9jYXRlcyUyNTIwJTI1MjYlMjUyMExlZ2FsJTI1MjBDb25zdWx0YW50cyUyMTVlMCUyMTNtMiUyMTFzZW4lMjEyc2FlJTIxNHYxNzU4ODgzNTMzOTIxJTIxNW0yJTIxMXNlbiUyMTJzYWUlMjIlMjB3aWR0aCUzRCUyMjEwMCUyNSUyMiUyMGhlaWdodCUzRCUyMjQ1MCUyMiUyMHN0eWxlJTNEJTIyYm9yZGVyJTNBMCUzQiUyMiUyMGFsbG93ZnVsbHNjcmVlbiUzRCUyMiUyMiUyMGxvYWRpbmclM0QlMjJsYXp5JTIyJTIwcmVmZXJyZXJwb2xpY3klM0QlMjJuby1yZWZlcnJlci13aGVuLWRvd25ncmFkZSUyMiUzRSUzQyUyRmlmcmFtZSUzRQ==&#8221; size=&#8221;420&#8243; css=&#8221;.vc_custom_1758883859302{margin-bottom: 0px !important;}&#8221;][\/vc_column][\/vc_row]<\/p>\n","protected":false},"excerpt":{"rendered":"<p>[vc_row css=&#8221;.vc_custom_1545816911406{padding-right: 15px !important;padding-left: 15px !important;}&#8221;][vc_column ct_column_class=&#8221;rm-padding-sm&#8221; css=&#8221;.vc_custom_1690801828370{padding-top: 0px !important;padding-right: 70px !important;padding-left: 70px !important;}&#8221;][ct_space space_lg=&#8221;90&#8243; space_md=&#8221;70&#8243; space_sm=&#8221;50&#8243; space_xs=&#8221;30&#8243;][vc_row_inner][vc_column_inner width=&#8221;1\/2&#8243;][ct_heading text=&#8221;Contactez-Nous&#8221; font_size_xs=&#8221;26&#8243; font_weight=&#8221;&#8221; description_font_weight=&#8221;inherit&#8221;][vc_empty_space height=&#8221;20&#8243;][ct_contact_info style=&#8221;style2&#8243; content_type=&#8221;map&#8221; button_text=&#8221;voir sur la carte&#8221; button_link=&#8221;url:https%3A%2F%2Fmaps.app.goo.gl%2FbUc6DAsw1Y4JQ1aR8|target:_blank&#8221; icon_list=&#8221;flaticon&#8221; title=&#8221;\u00c9mirats Arabes Unis, Duba\u00ef, Business Bay, Tour de la Baie d&#8217;Iris, 14e \u00e9tage, bureau #1407&#8243; content_info=&#8221;Arcade Building, \u00e9tage M, bureau n\u00b0 M06, Al [&hellip;]<\/p>\n","protected":false},"author":1,"featured_media":0,"parent":0,"menu_order":0,"comment_status":"closed","ping_status":"closed","template":"","meta":{"footnotes":""},"class_list":["post-4847","page","type-page","status-publish","hentry"],"_links":{"self":[{"href":"https:\/\/alyassiadvocates.com\/fr\/wp-json\/wp\/v2\/pages\/4847","targetHints":{"allow":["GET"]}}],"collection":[{"href":"https:\/\/alyassiadvocates.com\/fr\/wp-json\/wp\/v2\/pages"}],"about":[{"href":"https:\/\/alyassiadvocates.com\/fr\/wp-json\/wp\/v2\/types\/page"}],"author":[{"embeddable":true,"href":"https:\/\/alyassiadvocates.com\/fr\/wp-json\/wp\/v2\/users\/1"}],"replies":[{"embeddable":true,"href":"https:\/\/alyassiadvocates.com\/fr\/wp-json\/wp\/v2\/comments?post=4847"}],"version-history":[{"count":15,"href":"https:\/\/alyassiadvocates.com\/fr\/wp-json\/wp\/v2\/pages\/4847\/revisions"}],"predecessor-version":[{"id":6969,"href":"https:\/\/alyassiadvocates.com\/fr\/wp-json\/wp\/v2\/pages\/4847\/revisions\/6969"}],"wp:attachment":[{"href":"https:\/\/alyassiadvocates.com\/fr\/wp-json\/wp\/v2\/media?parent=4847"}],"curies":[{"name":"wp","href":"https:\/\/api.w.org\/{rel}","templated":true}]}}